{"id":2088,"date":"2022-08-31T20:42:20","date_gmt":"2022-08-31T18:42:20","guid":{"rendered":"https:\/\/heyjay.se\/devlab\/trolleljungby\/wordpress\/?page_id=2088"},"modified":"2022-10-06T13:24:15","modified_gmt":"2022-10-06T11:24:15","slug":"die-geschichte-des-schlosses","status":"publish","type":"page","link":"https:\/\/www.trolleljungby.com\/de\/die-geschichte-des-schlosses\/","title":{"rendered":"Die Geschichte des Schlosses"},"content":{"rendered":"\n<figure class=\"wp-block-image size-full is-resized\"><img decoding=\"async\" src=\"https:\/\/www.trolleljungby.com\/wp-content\/uploads\/2022\/09\/slottet-sv.jpg\" alt=\"\" class=\"wp-image-1505\" width=\"720\" srcset=\"https:\/\/www.trolleljungby.com\/wp-content\/uploads\/2022\/09\/slottet-sv.jpg 646w, https:\/\/www.trolleljungby.com\/wp-content\/uploads\/2022\/09\/slottet-sv-300x200.jpg 300w\" sizes=\"(max-width: 646px) 100vw, 646px\" \/><\/figure>\n\n\n\n<h2 class=\"wp-block-heading\">13. &amp; 14. Jahrhundert<\/h2>\n\n\n\n<p>Urspr\u00fcnglich war das Anwesen einfach als Ljungby bekannt. In den 1300er und 1400er Jahren wurde es unter diesem Namen als Stammsitz f\u00fcr mehrere Generationen der Familie Bille erw\u00e4hnt. Irgendwann in den 1460er Jahren wurde Ljungby an Henrik Brostrup verkauft und von Brostrups Sohn kaufte Jens Holgersen Ulfstand (der Mann, der den Bau von Schloss Glimmingehus in Auftrag gab) sp\u00e4ter das Anwesen. Leider ist es nicht m\u00f6glich festzustellen, wie das Geb\u00e4ude damals aussah.<\/p>\n\n\n\n<h2 class=\"wp-block-heading\">15. Jahrhundert<\/h2>\n\n\n\n<p>Es wird angenommen, dass es hier Anfang des 15. Jahrhunderts zwei dauerhafte Geb\u00e4ude gab; eine an der s\u00fcdwestlichen Ecke des Hofes und eine zweite an der Ostseite. Nach der Heirat von Jens Holgersen Ulfstands Tochter Sissela mit Knud Gyldenstierna ging das Gut Ljungby an die Familie Gyldenstierna \u00fcber. 1525 wurde das Haus bei einem Aufstand des d\u00e4nischen Freibeuters S\u00f6ren Norby niedergebrannt. Sissela beaufsichtigte jedoch den Wiederaufbau und die Erweiterung des Anwesens und verwaltete das Anwesen nach Knuds Tod im Jahr 1552 23 Jahre lang allein, bis sie 1575 starb.<\/p>\n\n\n\n<figure class=\"wp-block-image size-full is-resized\"><img decoding=\"async\" src=\"https:\/\/www.trolleljungby.com\/wp-content\/uploads\/2022\/09\/trollasten.jpg\" alt=\"\" class=\"wp-image-1507\" width=\"720\" srcset=\"https:\/\/www.trolleljungby.com\/wp-content\/uploads\/2022\/09\/trollasten.jpg 655w, https:\/\/www.trolleljungby.com\/wp-content\/uploads\/2022\/09\/trollasten-300x118.jpg 300w\" sizes=\"(max-width: 655px) 100vw, 655px\" \/><figcaption>Maglestenen by Trolle-Ljungby \u2013 foto Jane Lindbladh.<\/figcaption><\/figure>\n\n\n\n<h2 class=\"wp-block-heading\">Maglestenen und \u201eLjungby Horn und Pfeife\u201c<\/h2>\n\n\n\n<p>Neben einer Scheune auf dem Landgut Trolle Ljungby befindet sich ein riesiger Stein \u2013 ein sogenannter Findling \u2013 bekannt als Maglestenen oder \u201eder gro\u00dfe Stein\u201c. Einer lokalen Legende nach wurde der Felsbrocken von einem Troll in einem vergeblichen Versuch, die Kirche in \u00c5hus zu zerst\u00f6ren, dorthin geschleudert. Der Stein soll auch die Heimat von Trollen gewesen sein, die sich dort jedes Jahr am Weihnachtsabend zu einem Fest versammelten, als der Felsbrocken auf wundersame Weise auf goldenen S\u00e4ulen in die H\u00f6he gehoben wurde. Die Legende erz\u00e4hlt, wie die verwitwete Sissela Ulfstand neugierig war, dieser Geschichte auf den Grund zu gehen, also schickte sie an Heiligabend einen ihrer Diener zu dem Stein, um mehr herauszufinden.<\/p>\n\n\n\n<p>Als der Mann zu dem Stein kam, feierten die Trolle tats\u00e4chlich darunter. Er wurde sogar eingeladen, mit ihnen aus ihrem Trinkhorn anzusto\u00dfen und eine Melodie auf der Pfeife der Trolle zu spielen. Auf die Tricks der Trolle aufmerksam, warf er sich jedoch den Inhalt des Horns \u00fcber die Schulter, sprang auf sein Pferd und galoppierte zur\u00fcck zum Schloss, immer noch das Horn und die Pfeife in der Hand. Die w\u00fctenden Trolle folgten ihm dicht auf den Fersen, aber als der schlaue Diener und sein Pferd \u00fcber ein gepfl\u00fcgtes Feld im rechten Winkel zu den Furchen ritten, hinterlie\u00dfen sie eine Spur von Hufabdr\u00fccken, die dem Kreuz Christi \u00e4hnelten. Die heidnischen Trolle konnten diesem heiligen Pfad nicht folgen und mussten stattdessen die vielen Furchen des Feldes auf und ab rennen. Der Diener konnte so das Schloss erreichen und das Tor schlie\u00dfen, bevor sie ihn erwischen konnten. Die Trolle h\u00e4mmerten und zogen an der gro\u00dfen T\u00fcr, aber ohne Erfolg. Als sie merkten, dass sie das Tor nicht \u00f6ffnen konnten, um ihr Horn und ihre Pfeife zu holen, r\u00e4chten sie ihren Verlust, indem sie den Ort verfluchten.<\/p>\n\n\n\n<p>Die Legende besagt, dass sowohl der Diener als auch das Pferd, auf dem er geritten war, bald darauf starben, dass die Burg dreimal durch Feuer zerst\u00f6rt wurde und Sisselas Familie aussterben w\u00fcrde. Das Horn und die Pfeife befinden sich jedoch noch in Trolle Ljungby und sind dort noch heute zu sehen.<\/p>\n\n\n\n<figure class=\"wp-block-image size-full is-resized\"><img decoding=\"async\" src=\"https:\/\/www.trolleljungby.com\/wp-content\/uploads\/2022\/09\/slottet.jpg\" alt=\"\" class=\"wp-image-1506\" width=\"720\" srcset=\"https:\/\/www.trolleljungby.com\/wp-content\/uploads\/2022\/09\/slottet.jpg 500w, https:\/\/www.trolleljungby.com\/wp-content\/uploads\/2022\/09\/slottet-300x176.jpg 300w\" sizes=\"(max-width: 500px) 100vw, 500px\" \/><figcaption><span style=\"font-size: 12.8px;\">Trolle-Ljungby castle \u2013 foto Jane Lindbladh<\/span><\/figcaption><\/figure>\n\n\n\n<h2 class=\"wp-block-heading\">16. Jahrhundert<\/h2>\n\n\n\n<p>Sisselas Enkel, Knud Gyldenstierna, erbte Ljungby 1621 im Alter von 48 Jahren und begann sofort mit dem Umbau und der Erweiterung des Anwesens. Zwischen 1629 und 1633 f\u00fcgte er dem \u00f6stlichen Ende des Altbaus an der S\u00fcdwestecke des Hofes einen Anbau hinzu und verband den Neubau durch einen hofseitigen Turm mit dem \u201eM\u00f6nchsfl\u00fcgel\u201c. Der neue Anbau war zweigeschossig und an einem der Giebel sind noch das Baujahr 1629 sowie die Initialen KGS und \u00d8HF zu lesen. Letztere sind die Initialen von Knuds Frau \u00d6lleg\u00e5rd Huitfeldt. Wenige Jahre sp\u00e4ter wurde ein neuer, zweigeschossiger Westfl\u00fcgel fertiggestellt und mit denselben Initialen und der Jahreszahl 1633 geschm\u00fcckt.<\/p>\n\n\n\n<p>Gyldenstierna baute auch eine gemauerte Scheune. Diese wurde um einen offenen Hof herum gebaut, der dem Schloss zugewandt war, und die Fl\u00fcgel erstreckten sich bis zum Schlossgraben. Der \u00f6stliche Teil der Scheune steht noch und tr\u00e4gt die Jahreszahl 1636.<\/p>\n\n\n\n<p>Etwas mehr als 40 Jahre sp\u00e4ter, w\u00e4hrend des Scanischen Krieges, der von 1674 bis 1679 tobte, griffen sogenannte \u201eSnapp-Hane-M\u00e4nner\u201c (schwedische Rebellen, die der d\u00e4nischen Krone treu ergeben waren) Ljungby an. Sie steckten die Scheune in Brand und zerst\u00f6rten sie teilweise, sie wurde jedoch bald wieder aufgebaut. Der \u00dcberlieferung nach k\u00e4mpften sich auch die Snapp-Hane-M\u00e4nner in den Hof. Noch heute sind Schwertspuren und L\u00f6cher von Musketenkugeln in der Eichent\u00fcr des Turms zu sehen, Sch\u00e4den, die bei dem Angriff entstanden sein sollen. Im Laufe des Krieges richtete Schwedens K\u00f6nig Karl XI. sein Winterquartier in Ljungby und im nahe gelegenen R\u00e5bel\u00f6v ein.<\/p>\n\n\n\n<figure class=\"wp-block-image size-full is-resized\"><img decoding=\"async\" src=\"https:\/\/www.trolleljungby.com\/wp-content\/uploads\/2022\/09\/126_4.jpg\" alt=\"\" class=\"wp-image-1503\" width=\"720\" srcset=\"https:\/\/www.trolleljungby.com\/wp-content\/uploads\/2022\/09\/126_4.jpg 500w, https:\/\/www.trolleljungby.com\/wp-content\/uploads\/2022\/09\/126_4-300x217.jpg 300w\" sizes=\"(max-width: 500px) 100vw, 500px\" \/><figcaption>Trolle-Ljungby slott \u2013 foto Jane Lindbladh<\/figcaption><\/figure>\n\n\n\n<p>Inzwischen hatte jedoch eine neue Familie Ljungby \u00fcbernommen. Peter Julius Coyet kaufte das Anwesen im Jahr 1662. Der 44-j\u00e4hrige Coyet war ein erfolgreicher Anwalt, der als Chief Magistrate f\u00fcr den Distrikt Tjurbo (1650), als Botschafter bei verschiedenen Gelegenheiten in England und Holland, als Staatssekret\u00e4r, und als Chefunterh\u00e4ndler bei den Friedensgespr\u00e4chen mit D\u00e4nemark im Jahr 1658, mit England in Helsing\u00f6r im April 1659 und mit Holland im Mai desselben Jahres. Zus\u00e4tzlich zu diesen prestigetr\u00e4chtigen Posten fand er auch Zeit, als Unterstaatssekret\u00e4r und Mitglied der Royal Banking Commission zu dienen. 1656 wurde er zum Strumpfbandritter ernannt.<\/p>\n\n\n\n<p>Sein Sohn Wilhlem Julius Coyet, Oberrichter der Grafschaften Schonen und Blekinge und Hofkanzler, wurde 1706 zum Baron ernannt. 1667 hatte er den Vorsitz bei einer der letzten offiziellen Ermittlungen Schwedens \u00fcber Hexerei gef\u00fchrt. Es wird berichtet, dass er bei der Verfolgung von Frauen, die als Hexen angeklagt waren, anfangs r\u00fccksichtslos war, aber allm\u00e4hlich eine nachsichtigere Haltung einnahm.<\/p>\n\n\n\n<p>Wilhelm Julius war auch der erste, der eine schriftliche Aufzeichnung der Legende von Horn und Pfeife erstellte; sein Originalmanuskript wird noch heute im Schloss aufbewahrt.<\/p>\n\n\n\n<p>Er nahm Ljungby nach dem Tod seines Vaters im Jahre 1667 in Besitz. Gegen Ende des 17. Jahrhunderts errichtete er eine hohe Schutzmauer mit Schie\u00dfscharten an der Nordseite des Hofes und ein defensives Torhaus zum Schutz der Zugbr\u00fccke. In der von den Snapp-Hane-Rebellen niedergebrannten Scheune baute Wilhelm Julius ein Dreschhaus in Fachwerkbauweise. An der Westseite errichtete er ein Geb\u00e4ude, um die Symmetrie des Ostbaus auszugleichen: Auf dem Giebel sind die Initialen WJC EGS und die Jahreszahl 1700 zu sehen. EGS sind die Initialen seiner zweiten Frau, Elisabeth Gyllenstierna.<\/p>\n\n\n\n<figure class=\"wp-block-image size-full is-resized\"><img decoding=\"async\" src=\"https:\/\/www.trolleljungby.com\/wp-content\/uploads\/2022\/09\/126_6.jpg\" alt=\"\" class=\"wp-image-1504\" width=\"720\" srcset=\"https:\/\/www.trolleljungby.com\/wp-content\/uploads\/2022\/09\/126_6.jpg 500w, https:\/\/www.trolleljungby.com\/wp-content\/uploads\/2022\/09\/126_6-300x178.jpg 300w\" sizes=\"(max-width: 500px) 100vw, 500px\" \/><figcaption>Trolle-Ljungby castle \u2013 foto Jane Lindbladh<\/figcaption><\/figure>\n\n\n\n<h2 class=\"wp-block-heading\">17. Jahrhundert<\/h2>\n\n\n\n<p>1787 begannen die Arbeiten zum Wiederaufbau des Ostfl\u00fcgels, der w\u00e4hrend des Snapp-Hane-Aufstands in Brand gesteckt worden war. Die Tatsache, dass dies als \u201eM\u00f6nchsfl\u00fcgel\u201c bekannt war, l\u00e4sst darauf schlie\u00dfen, dass hier zu einem viel fr\u00fcheren Zeitpunkt eine Art Geb\u00e4ude gestanden haben k\u00f6nnte.<\/p>\n\n\n\n<h2 class=\"wp-block-heading\">1830 &#8211; Von Ljungby nach Trolle Ljungby<\/h2>\n\n\n\n<p>1804 wurde Ljungby von Ulrika Lovisa Maria Sparre, geb. Coyet, geerbt. Als sie Graf Carl Axel Trolle-Wachtmeister heiratete, ging das Gut Ljungby in den Besitz dieser Familie \u00fcber. Der Sohn des Ehepaares, Hans Gabriel Trolle-Wachtmeister, war Inhaber des Besitztums Trolleberg, aber 1830 erhielt er die Erlaubnis, das Besitztum von Trolleberg nach Ljungby zu verlegen, das daraufhin den offiziellen Namen Trolle Ljungby erhielt.<\/p>\n\n\n\n<h2 class=\"wp-block-heading\">1900 bis heute<\/h2>\n\n\n\n<p>Heute bleibt Trolle Ljungby im Privatbesitz der Familie Wachtmeister und ist nicht f\u00fcr die \u00d6ffentlichkeit zug\u00e4nglich. Das ber\u00fchmte Horn und die Pfeife werden jedoch jedes Jahr vom 1. Juni bis 31. August jeden Mittwoch und Samstag in einem Fenster im Schloss ausgestellt. Zu diesen Zeiten sind auch Besucher herzlich eingeladen, die G\u00e4rten zu besuchen.<\/p>\n","protected":false},"excerpt":{"rendered":"<p>13. &amp; 14. Jahrhundert Urspr\u00fcnglich war das Anwesen einfach als Ljungby bekannt. In den 1300er und 1400er Jahren wurde es unter diesem Namen als Stammsitz f\u00fcr mehrere Generationen der Familie Bille erw\u00e4hnt. Irgendwann in den 1460er Jahren wurde Ljungby an Henrik Brostrup verkauft und von Brostrups Sohn kaufte Jens Holgersen Ulfstand (der Mann, der den&#8230;<\/p>\n","protected":false},"author":1,"featured_media":1543,"parent":0,"menu_order":10,"comment_status":"closed","ping_status":"closed","template":"","meta":{"inline_featured_image":false,"_kad_blocks_custom_css":"","_kad_blocks_head_custom_js":"","_kad_blocks_body_custom_js":"","_kad_blocks_footer_custom_js":"","_kad_post_transparent":"","_kad_post_title":"","_kad_post_layout":"narrow","_kad_post_sidebar_id":"","_kad_post_content_style":"","_kad_post_vertical_padding":"","_kad_post_feature":"","_kad_post_feature_position":"","_kad_post_header":false,"_kad_post_footer":false,"footnotes":""},"class_list":["post-2088","page","type-page","status-publish","has-post-thumbnail","hentry"],"yoast_head":"<!-- This site is optimized with the Yoast SEO plugin v27.5 - https:\/\/yoast.com\/product\/yoast-seo-wordpress\/ -->\n<title>Die Geschichte des Schlosses - Trolle Ljungby<\/title>\n<meta name=\"robots\" content=\"index, follow, max-snippet:-1, max-image-preview:large, max-video-preview:-1\" \/>\n<link rel=\"canonical\" href=\"https:\/\/www.trolleljungby.com\/de\/die-geschichte-des-schlosses\/\" \/>\n<meta property=\"og:locale\" content=\"de_DE\" \/>\n<meta property=\"og:type\" content=\"article\" \/>\n<meta property=\"og:title\" content=\"Die Geschichte des Schlosses - Trolle Ljungby\" \/>\n<meta property=\"og:description\" content=\"13. &amp; 14. Jahrhundert Urspr\u00fcnglich war das Anwesen einfach als Ljungby bekannt. In den 1300er und 1400er Jahren wurde es unter diesem Namen als Stammsitz f\u00fcr mehrere Generationen der Familie Bille erw\u00e4hnt. Irgendwann in den 1460er Jahren wurde Ljungby an Henrik Brostrup verkauft und von Brostrups Sohn kaufte Jens Holgersen Ulfstand (der Mann, der den...\" \/>\n<meta property=\"og:url\" content=\"https:\/\/www.trolleljungby.com\/de\/die-geschichte-des-schlosses\/\" \/>\n<meta property=\"og:site_name\" content=\"Trolle Ljungby\" \/>\n<meta property=\"article:modified_time\" content=\"2022-10-06T11:24:15+00:00\" \/>\n<meta property=\"og:image\" content=\"https:\/\/www.trolleljungby.com\/wp-content\/uploads\/2022\/08\/banner-start-slottet-1@2x.jpg\" \/>\n\t<meta property=\"og:image:width\" content=\"2880\" \/>\n\t<meta property=\"og:image:height\" content=\"1280\" \/>\n\t<meta property=\"og:image:type\" content=\"image\/jpeg\" \/>\n<meta name=\"twitter:card\" content=\"summary_large_image\" \/>\n<meta name=\"twitter:label1\" content=\"Gesch\u00e4tzte Lesezeit\" \/>\n\t<meta name=\"twitter:data1\" content=\"8\u00a0Minuten\" \/>\n<script type=\"application\/ld+json\" class=\"yoast-schema-graph\">{\"@context\":\"https:\\\/\\\/schema.org\",\"@graph\":[{\"@type\":\"WebPage\",\"@id\":\"https:\\\/\\\/www.trolleljungby.com\\\/de\\\/die-geschichte-des-schlosses\\\/\",\"url\":\"https:\\\/\\\/www.trolleljungby.com\\\/de\\\/die-geschichte-des-schlosses\\\/\",\"name\":\"Die Geschichte des Schlosses - Trolle Ljungby\",\"isPartOf\":{\"@id\":\"https:\\\/\\\/www.trolleljungby.com\\\/#website\"},\"primaryImageOfPage\":{\"@id\":\"https:\\\/\\\/www.trolleljungby.com\\\/de\\\/die-geschichte-des-schlosses\\\/#primaryimage\"},\"image\":{\"@id\":\"https:\\\/\\\/www.trolleljungby.com\\\/de\\\/die-geschichte-des-schlosses\\\/#primaryimage\"},\"thumbnailUrl\":\"https:\\\/\\\/www.trolleljungby.com\\\/wp-content\\\/uploads\\\/2022\\\/08\\\/banner-start-slottet-1@2x.jpg\",\"datePublished\":\"2022-08-31T18:42:20+00:00\",\"dateModified\":\"2022-10-06T11:24:15+00:00\",\"breadcrumb\":{\"@id\":\"https:\\\/\\\/www.trolleljungby.com\\\/de\\\/die-geschichte-des-schlosses\\\/#breadcrumb\"},\"inLanguage\":\"de\",\"potentialAction\":[{\"@type\":\"ReadAction\",\"target\":[\"https:\\\/\\\/www.trolleljungby.com\\\/de\\\/die-geschichte-des-schlosses\\\/\"]}]},{\"@type\":\"ImageObject\",\"inLanguage\":\"de\",\"@id\":\"https:\\\/\\\/www.trolleljungby.com\\\/de\\\/die-geschichte-des-schlosses\\\/#primaryimage\",\"url\":\"https:\\\/\\\/www.trolleljungby.com\\\/wp-content\\\/uploads\\\/2022\\\/08\\\/banner-start-slottet-1@2x.jpg\",\"contentUrl\":\"https:\\\/\\\/www.trolleljungby.com\\\/wp-content\\\/uploads\\\/2022\\\/08\\\/banner-start-slottet-1@2x.jpg\",\"width\":2880,\"height\":1280},{\"@type\":\"BreadcrumbList\",\"@id\":\"https:\\\/\\\/www.trolleljungby.com\\\/de\\\/die-geschichte-des-schlosses\\\/#breadcrumb\",\"itemListElement\":[{\"@type\":\"ListItem\",\"position\":1,\"name\":\"Hem\",\"item\":\"https:\\\/\\\/www.trolleljungby.com\\\/de\\\/\"},{\"@type\":\"ListItem\",\"position\":2,\"name\":\"Die Geschichte des Schlosses\"}]},{\"@type\":\"WebSite\",\"@id\":\"https:\\\/\\\/www.trolleljungby.com\\\/#website\",\"url\":\"https:\\\/\\\/www.trolleljungby.com\\\/\",\"name\":\"Trolle Ljungby\",\"description\":\"Slott &amp; G\u00e5rd i Sk\u00e5ne\",\"publisher\":{\"@id\":\"https:\\\/\\\/www.trolleljungby.com\\\/#organization\"},\"potentialAction\":[{\"@type\":\"SearchAction\",\"target\":{\"@type\":\"EntryPoint\",\"urlTemplate\":\"https:\\\/\\\/www.trolleljungby.com\\\/?s={search_term_string}\"},\"query-input\":{\"@type\":\"PropertyValueSpecification\",\"valueRequired\":true,\"valueName\":\"search_term_string\"}}],\"inLanguage\":\"de\"},{\"@type\":\"Organization\",\"@id\":\"https:\\\/\\\/www.trolleljungby.com\\\/#organization\",\"name\":\"Trolle Ljungby\",\"url\":\"https:\\\/\\\/www.trolleljungby.com\\\/\",\"logo\":{\"@type\":\"ImageObject\",\"inLanguage\":\"de\",\"@id\":\"https:\\\/\\\/www.trolleljungby.com\\\/#\\\/schema\\\/logo\\\/image\\\/\",\"url\":\"https:\\\/\\\/www.trolleljungby.com\\\/wp-content\\\/uploads\\\/2022\\\/09\\\/logo-trolleljungby-5@2x.svg\",\"contentUrl\":\"https:\\\/\\\/www.trolleljungby.com\\\/wp-content\\\/uploads\\\/2022\\\/09\\\/logo-trolleljungby-5@2x.svg\",\"width\":267,\"height\":52,\"caption\":\"Trolle Ljungby\"},\"image\":{\"@id\":\"https:\\\/\\\/www.trolleljungby.com\\\/#\\\/schema\\\/logo\\\/image\\\/\"}}]}<\/script>\n<!-- \/ Yoast SEO plugin. -->","yoast_head_json":{"title":"Die Geschichte des Schlosses - Trolle Ljungby","robots":{"index":"index","follow":"follow","max-snippet":"max-snippet:-1","max-image-preview":"max-image-preview:large","max-video-preview":"max-video-preview:-1"},"canonical":"https:\/\/www.trolleljungby.com\/de\/die-geschichte-des-schlosses\/","og_locale":"de_DE","og_type":"article","og_title":"Die Geschichte des Schlosses - Trolle Ljungby","og_description":"13. &amp; 14. Jahrhundert Urspr\u00fcnglich war das Anwesen einfach als Ljungby bekannt. In den 1300er und 1400er Jahren wurde es unter diesem Namen als Stammsitz f\u00fcr mehrere Generationen der Familie Bille erw\u00e4hnt. Irgendwann in den 1460er Jahren wurde Ljungby an Henrik Brostrup verkauft und von Brostrups Sohn kaufte Jens Holgersen Ulfstand (der Mann, der den...","og_url":"https:\/\/www.trolleljungby.com\/de\/die-geschichte-des-schlosses\/","og_site_name":"Trolle Ljungby","article_modified_time":"2022-10-06T11:24:15+00:00","og_image":[{"width":2880,"height":1280,"url":"https:\/\/www.trolleljungby.com\/wp-content\/uploads\/2022\/08\/banner-start-slottet-1@2x.jpg","type":"image\/jpeg"}],"twitter_card":"summary_large_image","twitter_misc":{"Gesch\u00e4tzte Lesezeit":"8\u00a0Minuten"},"schema":{"@context":"https:\/\/schema.org","@graph":[{"@type":"WebPage","@id":"https:\/\/www.trolleljungby.com\/de\/die-geschichte-des-schlosses\/","url":"https:\/\/www.trolleljungby.com\/de\/die-geschichte-des-schlosses\/","name":"Die Geschichte des Schlosses - Trolle Ljungby","isPartOf":{"@id":"https:\/\/www.trolleljungby.com\/#website"},"primaryImageOfPage":{"@id":"https:\/\/www.trolleljungby.com\/de\/die-geschichte-des-schlosses\/#primaryimage"},"image":{"@id":"https:\/\/www.trolleljungby.com\/de\/die-geschichte-des-schlosses\/#primaryimage"},"thumbnailUrl":"https:\/\/www.trolleljungby.com\/wp-content\/uploads\/2022\/08\/banner-start-slottet-1@2x.jpg","datePublished":"2022-08-31T18:42:20+00:00","dateModified":"2022-10-06T11:24:15+00:00","breadcrumb":{"@id":"https:\/\/www.trolleljungby.com\/de\/die-geschichte-des-schlosses\/#breadcrumb"},"inLanguage":"de","potentialAction":[{"@type":"ReadAction","target":["https:\/\/www.trolleljungby.com\/de\/die-geschichte-des-schlosses\/"]}]},{"@type":"ImageObject","inLanguage":"de","@id":"https:\/\/www.trolleljungby.com\/de\/die-geschichte-des-schlosses\/#primaryimage","url":"https:\/\/www.trolleljungby.com\/wp-content\/uploads\/2022\/08\/banner-start-slottet-1@2x.jpg","contentUrl":"https:\/\/www.trolleljungby.com\/wp-content\/uploads\/2022\/08\/banner-start-slottet-1@2x.jpg","width":2880,"height":1280},{"@type":"BreadcrumbList","@id":"https:\/\/www.trolleljungby.com\/de\/die-geschichte-des-schlosses\/#breadcrumb","itemListElement":[{"@type":"ListItem","position":1,"name":"Hem","item":"https:\/\/www.trolleljungby.com\/de\/"},{"@type":"ListItem","position":2,"name":"Die Geschichte des Schlosses"}]},{"@type":"WebSite","@id":"https:\/\/www.trolleljungby.com\/#website","url":"https:\/\/www.trolleljungby.com\/","name":"Trolle Ljungby","description":"Slott &amp; G\u00e5rd i Sk\u00e5ne","publisher":{"@id":"https:\/\/www.trolleljungby.com\/#organization"},"potentialAction":[{"@type":"SearchAction","target":{"@type":"EntryPoint","urlTemplate":"https:\/\/www.trolleljungby.com\/?s={search_term_string}"},"query-input":{"@type":"PropertyValueSpecification","valueRequired":true,"valueName":"search_term_string"}}],"inLanguage":"de"},{"@type":"Organization","@id":"https:\/\/www.trolleljungby.com\/#organization","name":"Trolle Ljungby","url":"https:\/\/www.trolleljungby.com\/","logo":{"@type":"ImageObject","inLanguage":"de","@id":"https:\/\/www.trolleljungby.com\/#\/schema\/logo\/image\/","url":"https:\/\/www.trolleljungby.com\/wp-content\/uploads\/2022\/09\/logo-trolleljungby-5@2x.svg","contentUrl":"https:\/\/www.trolleljungby.com\/wp-content\/uploads\/2022\/09\/logo-trolleljungby-5@2x.svg","width":267,"height":52,"caption":"Trolle Ljungby"},"image":{"@id":"https:\/\/www.trolleljungby.com\/#\/schema\/logo\/image\/"}}]}},"taxonomy_info":[],"featured_image_src_large":["https:\/\/www.trolleljungby.com\/wp-content\/uploads\/2022\/08\/banner-start-slottet-1@2x-1024x455.jpg",1024,455,true],"author_info":{"display_name":"joao","author_link":"https:\/\/www.trolleljungby.com\/de\/author\/joao\/"},"comment_info":0,"_links":{"self":[{"href":"https:\/\/www.trolleljungby.com\/de\/wp-json\/wp\/v2\/pages\/2088","targetHints":{"allow":["GET"]}}],"collection":[{"href":"https:\/\/www.trolleljungby.com\/de\/wp-json\/wp\/v2\/pages"}],"about":[{"href":"https:\/\/www.trolleljungby.com\/de\/wp-json\/wp\/v2\/types\/page"}],"author":[{"embeddable":true,"href":"https:\/\/www.trolleljungby.com\/de\/wp-json\/wp\/v2\/users\/1"}],"replies":[{"embeddable":true,"href":"https:\/\/www.trolleljungby.com\/de\/wp-json\/wp\/v2\/comments?post=2088"}],"version-history":[{"count":6,"href":"https:\/\/www.trolleljungby.com\/de\/wp-json\/wp\/v2\/pages\/2088\/revisions"}],"predecessor-version":[{"id":2389,"href":"https:\/\/www.trolleljungby.com\/de\/wp-json\/wp\/v2\/pages\/2088\/revisions\/2389"}],"wp:featuredmedia":[{"embeddable":true,"href":"https:\/\/www.trolleljungby.com\/de\/wp-json\/wp\/v2\/media\/1543"}],"wp:attachment":[{"href":"https:\/\/www.trolleljungby.com\/de\/wp-json\/wp\/v2\/media?parent=2088"}],"curies":[{"name":"wp","href":"https:\/\/api.w.org\/{rel}","templated":true}]}}